{"id":246,"date":"2023-02-21T17:41:32","date_gmt":"2023-02-21T16:41:32","guid":{"rendered":"http:\/\/www.etschsidecustom.com\/?page_id=246"},"modified":"2025-11-13T12:32:09","modified_gmt":"2025-11-13T11:32:09","slug":"impressum","status":"publish","type":"page","link":"https:\/\/www.etschsidecustom.com\/?page_id=246","title":{"rendered":"Impressum"},"content":{"rendered":"\t\t<div data-elementor-type=\"wp-page\" data-elementor-id=\"246\" class=\"elementor elementor-246\">\n\t\t\t\t\t\t\t\t\t<section class=\"elementor-section elementor-top-section elementor-element elementor-element-12fd380 elementor-section-height-min-height elementor-section-boxed elementor-section-height-default elementor-section-items-middle\" data-id=\"12fd380\" data-element_type=\"section\" data-settings=\"{&quot;background_background&quot;:&quot;classic&quot;}\">\n\t\t\t\t\t\t\t<div class=\"elementor-background-overlay\"><\/div>\n\t\t\t\t\t\t\t<div class=\"elementor-container elementor-column-gap-default\">\n\t\t\t\t\t<div class=\"elementor-column elementor-col-100 elementor-top-column elementor-element elementor-element-3604b19\" data-id=\"3604b19\" data-element_type=\"column\">\n\t\t\t<div class=\"elementor-widget-wrap elementor-element-populated\">\n\t\t\t\t\t\t\t\t<div class=\"elementor-element elementor-element-aed7b02 elementor-invisible elementor-widget elementor-widget-heading\" data-id=\"aed7b02\" data-element_type=\"widget\" data-settings=\"{&quot;_animation&quot;:&quot;fadeInUp&quot;,&quot;_animation_delay&quot;:100}\" data-widget_type=\"heading.default\">\n\t\t\t\t<div class=\"elementor-widget-container\">\n\t\t\t<style>\/*! elementor - v3.12.2 - 23-04-2023 *\/\n.elementor-heading-title{padding:0;margin:0;line-height:1}.elementor-widget-heading .elementor-heading-title[class*=elementor-size-]>a{color:inherit;font-size:inherit;line-height:inherit}.elementor-widget-heading .elementor-heading-title.elementor-size-small{font-size:15px}.elementor-widget-heading .elementor-heading-title.elementor-size-medium{font-size:19px}.elementor-widget-heading .elementor-heading-title.elementor-size-large{font-size:29px}.elementor-widget-heading .elementor-heading-title.elementor-size-xl{font-size:39px}.elementor-widget-heading .elementor-heading-title.elementor-size-xxl{font-size:59px}<\/style><span id=\"scroll69e16130a6b45\"  class=\"scrollMagicControl\" type=\"hidden\" effect = {} wpmp_enable_desktop=\"yes\" wpmp_enable_tablet=\"yes\" wpmp_enable_mobile=\"yes\" wpmp_trigger_hook=\"0.5\" wpmp_reverse=\"yes\" wpmp_class_CSS =\"custom\" split-text = {} value=\"scrollmagic\"><\/span><h3 class=\"elementor-heading-title elementor-size-default\">IMPRESSUM<\/h3>\t\t<\/div>\n\t\t\t\t<\/div>\n\t\t\t\t\t<\/div>\n\t\t<\/div>\n\t\t\t\t\t\t\t<\/div>\n\t\t<\/section>\n\t\t\t\t<section class=\"elementor-section elementor-top-section elementor-element elementor-element-1a03505 elementor-section-boxed elementor-section-height-default elementor-section-height-default\" data-id=\"1a03505\" data-element_type=\"section\" data-settings=\"{&quot;background_background&quot;:&quot;classic&quot;}\">\n\t\t\t\t\t\t<div class=\"elementor-container elementor-column-gap-default\">\n\t\t\t\t\t<div class=\"elementor-column elementor-col-100 elementor-top-column elementor-element elementor-element-47974d2\" data-id=\"47974d2\" data-element_type=\"column\">\n\t\t\t<div class=\"elementor-widget-wrap elementor-element-populated\">\n\t\t\t\t\t\t\t\t<div class=\"elementor-element elementor-element-5d5262f elementor-widget elementor-widget-text-editor\" data-id=\"5d5262f\" data-element_type=\"widget\" data-widget_type=\"text-editor.default\">\n\t\t\t\t<div class=\"elementor-widget-container\">\n\t\t\t<style>\/*! elementor - v3.12.2 - 23-04-2023 *\/\n.elementor-widget-text-editor.elementor-drop-cap-view-stacked .elementor-drop-cap{background-color:#69727d;color:#fff}.elementor-widget-text-editor.elementor-drop-cap-view-framed .elementor-drop-cap{color:#69727d;border:3px solid;background-color:transparent}.elementor-widget-text-editor:not(.elementor-drop-cap-view-default) .elementor-drop-cap{margin-top:8px}.elementor-widget-text-editor:not(.elementor-drop-cap-view-default) .elementor-drop-cap-letter{width:1em;height:1em}.elementor-widget-text-editor .elementor-drop-cap{float:left;text-align:center;line-height:1;font-size:50px}.elementor-widget-text-editor .elementor-drop-cap-letter{display:inline-block}<\/style><span id=\"scroll69e16130a956f\"  class=\"scrollMagicControl\" type=\"hidden\" effect = {} wpmp_enable_desktop=\"yes\" wpmp_enable_tablet=\"yes\" wpmp_enable_mobile=\"yes\" wpmp_trigger_hook=\"0.5\" wpmp_reverse=\"yes\" wpmp_class_CSS =\"custom\" split-text = {} value=\"scrollmagic\"><\/span>\t\t\t\t<div aria-labelledby=\"primaryHeading-0-4a1287fb\" data-parent=\"#accordion-6409c954ac8c2\"><div><div><div><div><div><div><div><p>Johannes Paul Huber<\/p><p>Johann-Kravogl-Stra\u00dfe, 17, 39020 Parcines Autonome Provinz Bozen &#8211; S\u00fcdtirol<\/p><p>info@etschsidecustom.com<\/p><p>PEC: j.huber@pec.it<\/p><p>Steuer-Nr.: HBRJNN96P27I729J<br \/>MwStr.: IT 03157010210<\/p><p>Webseite, Design &amp; Bilder : <a href=\"https:\/\/www.gabrielhoellrigl.com\/\">Gabriel H\u00f6llrigl<\/a><\/p><p>Bilder : <a href=\"https:\/\/tobiashuber.it\/\">TOBIAS HUBER<\/a><\/p><\/div><\/div><\/div><div><div><div><p><strong>Inhaltlich\u00a0<\/strong><strong>und presserechtlich verantwortlich<\/strong>: Johannes Paul Huber<\/p><p><strong>Copyright<\/strong>: \u00a9 Johannes Paul Huber<\/p><p><strong>Hinweise<\/strong><\/p><p>1. Inhalt<br \/>Trotz sorgf\u00e4ltiger \u00dcberpr\u00fcfung auf Richtigkeit und Vollst\u00e4ndigkeit der Inhalte und Informationen auf dieser Website \u00fcbernehmen wir keine Haftung oder Garantie derselben.<\/p><p>Wir behalten uns das Recht vor, ohne vorherige Ank\u00fcndigung Aktualisierungen, \u00c4nderungen oder Erg\u00e4nzungen der bereitgestellten Informationen vorzunehmen.<\/p><p>2. Verweise und Links<br \/>Wir \u00fcbernehmen keine Haftung f\u00fcr die Inhalte externer Links. F\u00fcr den Inhalt der verlinkten Seiten sind ausschlie\u00dflich deren Betreiber verantwortlich.<\/p><p>3. Copyright (Urheber- und Kennzeichenrecht)<br \/>Der Inhalt dieser Website ist durch Copyright gesch\u00fctzt. Eine Vervielf\u00e4ltigung oder Verwendung in anderen elektronischen oder gedruckten Publikationen ist ohne unsere ausdr\u00fcckliche Zustimmung nicht gestattet.<\/p><p>4. Rechtswirksamkeit<br \/>Sofern Teile oder einzelne Formulierungen dieses Textes der geltenden Rechtslage nicht, nicht mehr oder nicht vollst\u00e4ndig entsprechen sollten, bleiben die \u00fcbrigen Teile des Dokumentes in ihrem Inhalt und ihrer G\u00fcltigkeit davon unber\u00fchrt. Durch die Nutzung der Website entsteht kein Vertrag oder Rechte. Rechtsstreitigkeiten werden am f\u00fcr uns zust\u00e4ndigen Gerichtshofausgetragen.<\/p><p>5. Art der Datenverarbeitung (Privacy)<br \/>Die Datenverarbeitung kann mit oder ohne Hilfe elektronischer, auf jeden Fall automatischer Mittelerfolgen und umfasst alle im Art. 4, Absatz 1, Buchstabe a des Gesetzesvertretenden Dekretes Nr. 196 vom 30. Juni 2003 vorgesehenen und f\u00fcr die betreffende Datenverarbeitung erforderlichen Vorg\u00e4nge. In jedem Fall wird die Datenverarbeitung unter Einhaltung aller Sicherheitsma\u00dfnahmen durchgef\u00fchrt, die deren Sicherheit und Geheimhaltung gew\u00e4hrleisten.<\/p><p>6. Navigationsdaten im Rahmen unseres Internet Informationsdienstes<br \/>Die f\u00fcr die Funktion der Website www.etschsidecustom.com zur Verf\u00fcgung gestellten Computer-Systeme und Prozeduren erfassen w\u00e4hrend des normalen Betriebsbestimmte pers\u00f6nliche Angaben, deren \u00dcbermittlung<\/p><p>der Benutzung von Datenaustauschprotokollen im Internet eigen ist. Dabei handelt es sich um Informationen, die nicht erfasst werden, um sie identifizierten Personen zuzuordnen, sondern die aufgrund ihrer Beschaffenheit durch Verarbeitung und Verkn\u00fcpfung mit Daten im Besitz von Dritten eine Identifizierung der Benutzer erm\u00f6glichen. Zu dieser Datenkategoriegeh\u00f6ren die IP-Adressen oder Domain-Namen der Computer,<\/p><p>die eine Verbindung zur Website herstellen, die URI (Uniform Resource Identifier)-Adressen der angeforderten Ressourcen, die Zeit der Anforderung und sonstige Parameter, die sich auf die \u00dcbertragung und die Computer-Umgebung des Benutzers beziehen. Diese Daten werden nur f\u00fcr die Zwecke der Sammlung anonymer statistischer Informationen bei der Benutzung der Website und der \u00dcberpr\u00fcfung von deren korrekter Funktionverwendet. Die betreffenden Daten k\u00f6nnen zur Feststellung einer Haftungim Falle von Straftaten mit Mitteln der Informationstechnik zum Schadenunserer Website benutzt werden.<\/p><h3>Datenschutzerkl\u00e4rung f\u00fcr die Nutzung von Google Analytics<\/h3><p>Diese Website benutzt Google Analytics, einen Webanalysedienst der Google inc. (\u201cGoogle\u201d). Google Analytics verwendet sog. \u201cCookies\u201d, Textdateien, die<br \/>auf Ihrem Computer gespeichert werden und die eine Analyse der Benutzung der<br \/>Website durch Sie erm\u00f6glichen. Die durch den Cookie erzeugten Informationen<br \/>\u00fcber Ihre Benutzung dieser Website werden in der Regel an einen Server von<br \/>Google in den USA \u00fcbertragen und dort gespeichert. Im Falle der Aktivierung<br \/>der IP-Anonymisierung auf dieser Webseite wird Ihre IP-Adresse von Google<br \/>jedoch innerhalb von Mitgliedstaaten der Europ\u00e4ischen Union oder in anderen<br \/>Vertragsstaaten des Abkommens \u00fcber den Europ\u00e4ischen Wirtschaftsraum zuvor gek\u00fcrzt.<\/p><p>Nur in Ausnahmef\u00e4llen wird die volle IP-Adresse an einen Server von Google<br \/>in den USA \u00fcbertragen und dort gek\u00fcrzt. Im Auftrag des Betreibers dieser<br \/>Website wird Google diese Informationen benutzen, um Ihre Nutzung der<br \/>Website auszuwerten, um Reports \u00fcber die Websiteaktivit\u00e4ten<br \/>zusammenzustellen und um weitere mit der Websitenutzung und der<br \/>Internetnutzung verbundene Dienstleistungen gegen\u00fcber dem Websitebetreiber zu erbringen. Die im Rahmen von Google Analytics von Ihrem Browser \u00fcbermittelte IP-Adresse wird nicht mit anderen Daten von Google zusammengef\u00fchrt.<\/p><p>Sie k\u00f6nnen die Speicherung der Cookies durch eine entsprechende Einstellung<br \/>Ihrer Browser-Software verhindern; wir weisen Sie jedoch darauf hin, dass<br \/>Sie in diesem Fall gegebenenfalls nicht s\u00e4mtliche Funktionen dieser Website<br \/>vollumf\u00e4nglich werden nutzen k\u00f6nnen. Sie k\u00f6nnen dar\u00fcber hinaus die Erfassung der durch das Cookie erzeugten und auf Ihre Nutzung der Website bezogenen Daten (inkl. Ihrer IP-Adresse) an Google sowie die Verarbeitung dieser Daten durch Google verhindern, indem sie das unter dem folgenden Link verf\u00fcgbare Browser-Plugin herunterladen und installieren:<br \/><a href=\"http:\/\/tools.google.com\/dlpage\/gaoptout?hl=de\">http:\/\/tools.google.com\/dlpage\/gaoptout?hl=de<\/a>.<\/p><h3>Datenschutzerkl\u00e4rung f\u00fcr die Nutzung von Google +1<\/h3><p>Erfassung und Weitergabe von Informationen:<br \/>Mithilfe der Google +1-Schaltfl\u00e4che k\u00f6nnen Sie Informationen weltweit<br \/>ver\u00f6ffentlichen. \u00fcber die Google +1-Schaltfl\u00e4che erhalten Sie und andere<br \/>Nutzer personalisierte Inhalte von Google und unseren Partnern. Google<br \/>speichert sowohl die Information, dass Sie f\u00fcr einen Inhalt +1 gegeben<br \/>haben, als auch Informationen \u00fcber die Seite, die Sie beim Klicken auf +1<br \/>angesehen haben. Ihre +1 k\u00f6nnen als Hinweise zusammen mit Ihrem<br \/>Profilnamen und Ihrem Foto in Google-Diensten, wie etwa in Suchergebnissen oder in Ihrem Google-Profil, oder an anderen Stellen auf Websites und Anzeigen im Internet eingeblendet werden.<br \/>Google zeichnet Informationen \u00fcber Ihre +1-Aktivit\u00e4ten auf, um die<br \/>Google-Dienste f\u00fcr Sie und andere zu verbessern. Um die Google<br \/>+1-Schaltfl\u00e4che verwenden zu k\u00f6nnen, ben\u00f6tigen Sie ein weltweit sichtbares,<br \/>\u00f6ffentliches Google-Profil, das zumindest den f\u00fcr das Profil gew\u00e4hlten Namen<br \/>enthalten muss. Dieser Name wird in allen Google-Diensten verwendet. In<br \/>manchen F\u00e4llen kann dieser Name auch einen anderen Namen ersetzen, den Sie beim Teilen von Inhalten \u00fcber Ihr Google-Konto verwendet haben. Die<br \/>Identit\u00e4t Ihres Google-Profils kann Nutzern angezeigt werden, die Ihre<br \/>E-Mail-Adresse kennen oder \u00fcber andere identifizierende Informationen von<br \/>Ihnen verf\u00fcgen.<\/p><h3>Verwendung der erfassten Informationen:<\/h3><p>Neben den oben erl\u00e4uterten Verwendungszwecken werden die von Ihnen<br \/>bereitgestellten Informationen gem\u00e4\u00df den geltenden<br \/>Google-Datenschutzbestimmungen genutzt. Google ver\u00f6ffentlicht<br \/>m\u00f6glicherweise zusammengefasste Statistiken \u00fcber die +1-Aktivit\u00e4ten der Nutzer bzw. gibt diese an Nutzer und Partner weiter, wie etwa Publisher, Inserenten oder verbundene Websites.<\/p><\/div><\/div><\/div><\/div><\/div><\/div><h3>\u00a0<\/h3><h3>About this cookie policy<\/h3><div><p>This Cookie Policy explains what cookies are and how we use them. You should read this policy to understand what cookies are, how we use them, the types of cookies we use i.e, the information we collect using cookies and how that information is used and how to control the cookie preferences. For further information on how we use, store and keep your personal data secure, see our Privacy Policy.<\/p><p>You can at any time change or withdraw your consent from the Cookie Declaration on our website.<br \/>Learn more about who we are, how you can contact us and how we process personal data in our Privacy Policy.<br \/>Your consent applies to the following domains: <a href=\"http:\/\/www.etschsidecustom.com\/\">www.etschsidecustom.com\/<\/a><\/p><div>Dein aktueller Status: Keine Einwilligung erteilt.\u00a0<a>Verwalte deine Einwilligung<\/a><\/div><\/div><h3>\u00a0<\/h3><h3>What are cookies ?<\/h3><div>Cookies are small text files that are used to store small pieces of information. The cookies are stored on your device when the website is loaded on your browser. These cookies help us make the website function properly, make the website more secure, provide better user experience, and understand how the website performs and to analyze what works and where it needs improvement.<\/div><h3>How do we use cookies ?<\/h3><div><p>As most of the online services, our website uses cookies first-party and third-party cookies for a number of purposes. The first-party cookies are mostly necessary for the website to function the right way, and they do not collect any of your personally identifiable data.<\/p><p>The third-party cookies used on our websites are used mainly for understanding how the website performs, how you interact with our website, keeping our services secure, providing advertisements that are relevant to you, and all in all providing you with a better and improved user experience and help speed up your future interactions with our website.<\/p><\/div><h3>What types of cookies do we use ?<\/h3><div><p>Essential: Some cookies are essential for you to be able to experience the full functionality of our site. They allow us to maintain user sessions and prevent any security threats. They do not collect or store any personal information. For example, these cookies allow you to log-in to your account and add products to your basket and checkout securely.<\/p><p>Statistics: These cookies store information like the number of visitors to the website, the number of unique visitors, which pages of the website have been visited, the source of the visit etc. These data help us understand and analyze how well the website performs and where it needs improvement.<\/p><p>Marketing: Our website displays advertisements. These cookies are used to personalize the advertisements that we show to you so that they are meaningful to you. These cookies also help us keep track of the efficiency of these ad campaigns.<br \/>The information stored in these cookies may also be used by the third-party ad providers to show you ads on other websites on the browser as well.<\/p><p>Functional: These are the cookies that help certain non-essential functionalities on our website. These functionalities include embedding content like videos or sharing contents on the website on social media platforms.<\/p><p>Preferences: These cookies help us store your settings and browsing preferences like language preferences so that you have a better and efficient experience on future visits to the website.<\/p><table><thead><tr><th>Cookie<\/th><th>Beschreibung<\/th><\/tr><\/thead><tbody><tr><td>Keine Datens\u00e4tze gefunden<\/td><\/tr><\/tbody><\/table><\/div><h3>How can I control the cookie preferences ?<\/h3><div><p>Should you decide to change your preferences later through your browsing session, you can click on the \u201ePrivacy &amp; Cookie Policy\u201c tab on your screen. This will display the consent notice again enabling you to change your preferences or withdraw your consent entirely.<\/p><p>In addition to this, different browsers provide different methods to block and delete cookies used by websites. You can change the settings of your browser to block\/delete the cookies. To find out more out more on how to manage and delete cookies, visit wikipedia.org, www.allaboutcookies.org.<\/p><\/div><\/div><\/div>\t\t\t\t\t\t<\/div>\n\t\t\t\t<\/div>\n\t\t\t\t\t<\/div>\n\t\t<\/div>\n\t\t\t\t\t\t\t<\/div>\n\t\t<\/section>\n\t\t\t\t\t\t\t<\/div>\n\t\t","protected":false},"excerpt":{"rendered":"<p>IMPRESSUM Johannes Paul Huber Johann-Kravogl-Stra\u00dfe, 17, 39020 Parcines Autonome Provinz Bozen &#8211; S\u00fcdtirol info@etschsidecustom.com PEC: j.huber@pec.it Steuer-Nr.: HBRJNN96P27I729JMwStr.: IT 03157010210 Webseite, Design &amp; Bilder : Gabriel H\u00f6llrigl Bilder : TOBIAS HUBER Inhaltlich\u00a0und presserechtlich verantwortlich: Johannes Paul Huber Copyright: \u00a9 Johannes Paul Huber Hinweise 1. InhaltTrotz sorgf\u00e4ltiger \u00dcberpr\u00fcfung auf Richtigkeit und Vollst\u00e4ndigkeit der Inhalte und Informationen [&hellip;]<\/p>\n","protected":false},"author":1,"featured_media":0,"parent":0,"menu_order":0,"comment_status":"closed","ping_status":"closed","template":"","meta":{"pgc_sgb_lightbox_settings":"","iawp_total_views":225,"footnotes":""},"class_list":["post-246","page","type-page","status-publish","hentry"],"_links":{"self":[{"href":"https:\/\/www.etschsidecustom.com\/index.php?rest_route=\/wp\/v2\/pages\/246","targetHints":{"allow":["GET"]}}],"collection":[{"href":"https:\/\/www.etschsidecustom.com\/index.php?rest_route=\/wp\/v2\/pages"}],"about":[{"href":"https:\/\/www.etschsidecustom.com\/index.php?rest_route=\/wp\/v2\/types\/page"}],"author":[{"embeddable":true,"href":"https:\/\/www.etschsidecustom.com\/index.php?rest_route=\/wp\/v2\/users\/1"}],"replies":[{"embeddable":true,"href":"https:\/\/www.etschsidecustom.com\/index.php?rest_route=%2Fwp%2Fv2%2Fcomments&post=246"}],"version-history":[{"count":10,"href":"https:\/\/www.etschsidecustom.com\/index.php?rest_route=\/wp\/v2\/pages\/246\/revisions"}],"predecessor-version":[{"id":2551,"href":"https:\/\/www.etschsidecustom.com\/index.php?rest_route=\/wp\/v2\/pages\/246\/revisions\/2551"}],"wp:attachment":[{"href":"https:\/\/www.etschsidecustom.com\/index.php?rest_route=%2Fwp%2Fv2%2Fmedia&parent=246"}],"curies":[{"name":"wp","href":"https:\/\/api.w.org\/{rel}","templated":true}]}}